{"id":7817,"date":"2020-03-12T12:21:16","date_gmt":"2020-03-12T12:21:16","guid":{"rendered":"https:\/\/www.urbina.es\/fr\/?page_id=7817"},"modified":"2020-03-12T12:24:53","modified_gmt":"2020-03-12T12:24:53","slug":"plate-formes-dacier-fixe","status":"publish","type":"page","link":"https:\/\/www.urbina.es\/fr\/plate-formes-dacier-fixe\/","title":{"rendered":"Plate-formes d&rsquo;acier fixe"},"content":{"rendered":"<div class=\"wpb-content-wrapper\"><p>[vc_row top=\u00a0\u00bb150px\u00a0\u00bb][vc_column width=\u00a0\u00bb1\/2&Prime;][vc_single_image image=\u00a0\u00bb7544&Prime; img_size=\u00a0\u00bblarge\u00a0\u00bb][vc_single_image image=\u00a0\u00bb7636&Prime; img_size=\u00a0\u00bbmedium\u00a0\u00bb][\/vc_column][vc_column width=\u00a0\u00bb1\/2&Prime;][vc_column_text]<span style=\"color: #36353c; font-size: 26px;\">Plate-formes d&rsquo;acier fixe<\/span>[\/vc_column_text][vc_separator align=\u00a0\u00bbnone\u00a0\u00bb][vc_column_text]Plate-forme fixe en acier pour \u00e9chafaudages europ\u00e9ens.<\/p>\n<p>Selon le type de montage, des plates-formes de diff\u00e9rentes largeurs seront n\u00e9cessaires.<\/p>\n<p>Le tableau suivant montre les <strong>plates-formes n\u00e9cessaires pour couvrir la surface d&rsquo;une tour<\/strong>:[\/vc_column_text][vc_empty_space height=\u00a0\u00bb20px\u00a0\u00bb][vc_single_image image=\u00a0\u00bb7818&Prime; img_size=\u00a0\u00bblarge\u00a0\u00bb][vc_empty_space height=\u00a0\u00bb20px\u00a0\u00bb][\/vc_column][\/vc_row][vc_row][vc_column][\/vc_column][\/vc_row]<\/p>\n<\/div>","protected":false},"excerpt":{"rendered":"<p>[vc_row top=\u00a0\u00bb150px\u00a0\u00bb][vc_column width=\u00a0\u00bb1\/2&Prime;][vc_single_image image=\u00a0\u00bb7544&Prime; img_size=\u00a0\u00bblarge\u00a0\u00bb][vc_single_image image=\u00a0\u00bb7636&Prime; img_size=\u00a0\u00bbmedium\u00a0\u00bb][\/vc_column][vc_column width=\u00a0\u00bb1\/2&Prime;][vc_column_text]Plate-formes d&rsquo;acier fixe[\/vc_column_text][vc_separator align=\u00a0\u00bbnone\u00a0\u00bb][vc_column_text]Plate-forme fixe en acier pour \u00e9chafaudages europ\u00e9ens. Selon le type de montage, des plates-formes de diff\u00e9rentes largeurs seront n\u00e9cessaires. Le tableau suivant montre les plates-formes n\u00e9cessaires pour couvrir la surface d&rsquo;une tour:[\/vc_column_text][vc_empty_space height=\u00a0\u00bb20px\u00a0\u00bb][vc_single_image image=\u00a0\u00bb7818&Prime; img_size=\u00a0\u00bblarge\u00a0\u00bb][vc_empty_space height=\u00a0\u00bb20px\u00a0\u00bb][\/vc_column][\/vc_row][vc_row][vc_column][\/vc_column][\/vc_row]<\/p>\n","protected":false},"author":2,"featured_media":0,"parent":0,"menu_order":0,"comment_status":"closed","ping_status":"closed","template":"","meta":{"_joinchat":[],"footnotes":""},"class_list":["post-7817","page","type-page","status-publish","hentry"],"_links":{"self":[{"href":"https:\/\/www.urbina.es\/fr\/wp-json\/wp\/v2\/pages\/7817","targetHints":{"allow":["GET"]}}],"collection":[{"href":"https:\/\/www.urbina.es\/fr\/wp-json\/wp\/v2\/pages"}],"about":[{"href":"https:\/\/www.urbina.es\/fr\/wp-json\/wp\/v2\/types\/page"}],"author":[{"embeddable":true,"href":"https:\/\/www.urbina.es\/fr\/wp-json\/wp\/v2\/users\/2"}],"replies":[{"embeddable":true,"href":"https:\/\/www.urbina.es\/fr\/wp-json\/wp\/v2\/comments?post=7817"}],"version-history":[{"count":1,"href":"https:\/\/www.urbina.es\/fr\/wp-json\/wp\/v2\/pages\/7817\/revisions"}],"predecessor-version":[{"id":7819,"href":"https:\/\/www.urbina.es\/fr\/wp-json\/wp\/v2\/pages\/7817\/revisions\/7819"}],"wp:attachment":[{"href":"https:\/\/www.urbina.es\/fr\/wp-json\/wp\/v2\/media?parent=7817"}],"curies":[{"name":"wp","href":"https:\/\/api.w.org\/{rel}","templated":true}]}}