{"id":7281,"date":"2019-11-08T07:56:36","date_gmt":"2019-11-08T07:56:36","guid":{"rendered":"https:\/\/www.urbina.es\/fr\/?page_id=7281"},"modified":"2019-11-08T08:10:03","modified_gmt":"2019-11-08T08:10:03","slug":"differences-multidirectionnel-combi","status":"publish","type":"page","link":"https:\/\/www.urbina.es\/fr\/differences-multidirectionnel-combi\/","title":{"rendered":"Diff\u00e9rences montage Multidirectionnel et Combi"},"content":{"rendered":"<div class=\"wpb-content-wrapper\"><p>[vc_row top=\u00a0\u00bb160px\u00a0\u00bb][vc_column][vc_column_text]<span style=\"color: #36353c; font-size: 26px;\">Diff\u00e9rences montage Multidirectionnel et Combi<\/span>[\/vc_column_text][vc_separator][vc_empty_space height=\u00a0\u00bb5px\u00a0\u00bb][vc_column_text]<span style=\"font-weight: 400;\">Le mod\u00e8le multidirectionnel comporte une possibilit\u00e9 suppl\u00e9mentaire, \u00e0 savoir le CADRE MULTIDIRETIONAL (Nous l&rsquo;appelons COMBI). Il est utilis\u00e9 pour \u00eatre plus rapide lors du montage et un peu moins cher. Il se compose d&rsquo;un cadre form\u00e9 de crochets multidirectionnels, de Horizontale et de garde-corps pour un montage rapide.<\/span>[\/vc_column_text][vc_column_text]<span style=\"font-weight: 400;\">Il est habituel d\u2019utiliser un mod\u00e8le avec un cadre et de le combiner avec des pi\u00e8ces purement multidirectionnelles.<\/span>[\/vc_column_text][\/vc_column][\/vc_row][vc_row top=\u00a0\u00bb10px\u00a0\u00bb bottom=\u00a0\u00bb100px\u00a0\u00bb][vc_column textalign=\u00a0\u00bbright\u00a0\u00bb width=\u00a0\u00bb1\/2&Prime;][vc_single_image image=\u00a0\u00bb7228&Prime; img_size=\u00a0\u00bbmedium\u00a0\u00bb add_caption=\u00a0\u00bbyes\u00a0\u00bb title=\u00a0\u00bb1. Photo de l&rsquo;union au cadre d&rsquo;\u00e9l\u00e9ments multidirectionnels\u00a0\u00bb][\/vc_column][vc_column width=\u00a0\u00bb1\/2&Prime;][vc_single_image image=\u00a0\u00bb7235&Prime; img_size=\u00a0\u00bblarge\u00a0\u00bb title=\u00a0\u00bb2. Photo de l&rsquo;union au cadre de horizontale Combi\u00a0\u00bb][\/vc_column][\/vc_row][vc_row top=\u00a0\u00bb10px\u00a0\u00bb][vc_column][vc_single_image image=\u00a0\u00bb7266&Prime; img_size=\u00a0\u00bblarge\u00a0\u00bb title=\u00a0\u00bb3. \u00c9tapes d&rsquo;assemblage du garde-corps combin\u00e9\u00a0\u00bb][vc_single_image image=\u00a0\u00bb7265&Prime; img_size=\u00a0\u00bblarge\u00a0\u00bb][vc_single_image image=\u00a0\u00bb7264&Prime; img_size=\u00a0\u00bblarge\u00a0\u00bb][\/vc_column][\/vc_row][vc_row][vc_column][vc_column_text]<\/p>\n<h5><strong>Les cadres et les garde-corps sont utilis\u00e9s, \u00e9tant plus rapides, sur les fa\u00e7ades, comme on le voit sur les photos:<\/strong><\/h5>\n<p>[\/vc_column_text][vc_separator][\/vc_column][\/vc_row][vc_row top=\u00a0\u00bb10px\u00a0\u00bb][vc_column width=\u00a0\u00bb1\/2&Prime;][vc_single_image image=\u00a0\u00bb7269&Prime; img_size=\u00a0\u00bblarge\u00a0\u00bb][\/vc_column][vc_column width=\u00a0\u00bb1\/2&Prime;][vc_single_image image=\u00a0\u00bb7268&Prime; img_size=\u00a0\u00bblarge\u00a0\u00bb][\/vc_column][\/vc_row][vc_row][vc_column][vc_column_text]<\/p>\n<h5><strong>Dans les zones plus complexes, le mode multidirectionnel est utilis\u00e9 sans le cadre. Comme dans les travaux suivants.<\/strong><\/h5>\n<p>[\/vc_column_text][vc_separator][\/vc_column][\/vc_row][vc_row top=\u00a0\u00bb10px\u00a0\u00bb][vc_column width=\u00a0\u00bb1\/2&Prime;][vc_single_image image=\u00a0\u00bb7277&Prime; img_size=\u00a0\u00bblarge\u00a0\u00bb][vc_single_image image=\u00a0\u00bb7276&Prime; img_size=\u00a0\u00bblarge\u00a0\u00bb][vc_single_image image=\u00a0\u00bb7273&Prime; img_size=\u00a0\u00bblarge\u00a0\u00bb][\/vc_column][vc_column width=\u00a0\u00bb1\/2&Prime;][vc_single_image image=\u00a0\u00bb7275&Prime; img_size=\u00a0\u00bblarge\u00a0\u00bb][vc_single_image image=\u00a0\u00bb7274&Prime; img_size=\u00a0\u00bblarge\u00a0\u00bb][\/vc_column][\/vc_row]<\/p>\n<\/div>","protected":false},"excerpt":{"rendered":"<p>[vc_row top=\u00a0\u00bb160px\u00a0\u00bb][vc_column][vc_column_text]Diff\u00e9rences montage Multidirectionnel et Combi[\/vc_column_text][vc_separator][vc_empty_space height=\u00a0\u00bb5px\u00a0\u00bb][vc_column_text]Le mod\u00e8le multidirectionnel comporte une possibilit\u00e9 suppl\u00e9mentaire, \u00e0 savoir le CADRE MULTIDIRETIONAL (Nous l&rsquo;appelons COMBI). Il est utilis\u00e9 pour \u00eatre plus rapide lors du montage et un peu moins cher. Il se compose d&rsquo;un cadre form\u00e9 de crochets multidirectionnels, de Horizontale et de garde-corps pour un montage rapide.[\/vc_column_text][vc_column_text]Il est habituel d\u2019utiliser un mod\u00e8le avec un cadre et de le combiner avec des pi\u00e8ces purement multidirectionnelles.[\/vc_column_text][\/vc_column][\/vc_row][vc_row top=\u00a0\u00bb10px\u00a0\u00bb bottom=\u00a0\u00bb100px\u00a0\u00bb][vc_column textalign=\u00a0\u00bbright\u00a0\u00bb width=\u00a0\u00bb1\/2&Prime;][vc_single_image&#8230;  <\/p>\n<div class=\"read-more\"><a class=\"excerpt-read-more\" href=\"https:\/\/www.urbina.es\/fr\/differences-multidirectionnel-combi\/\" title=\"Continue reading Diff\u00e9rences montage Multidirectionnel et Combi\">Read more<i class=\"fa fa-angle-right\"><\/i><\/a><\/div>\n","protected":false},"author":2,"featured_media":0,"parent":0,"menu_order":0,"comment_status":"closed","ping_status":"closed","template":"","meta":{"_joinchat":[],"footnotes":""},"class_list":["post-7281","page","type-page","status-publish","hentry"],"_links":{"self":[{"href":"https:\/\/www.urbina.es\/fr\/wp-json\/wp\/v2\/pages\/7281","targetHints":{"allow":["GET"]}}],"collection":[{"href":"https:\/\/www.urbina.es\/fr\/wp-json\/wp\/v2\/pages"}],"about":[{"href":"https:\/\/www.urbina.es\/fr\/wp-json\/wp\/v2\/types\/page"}],"author":[{"embeddable":true,"href":"https:\/\/www.urbina.es\/fr\/wp-json\/wp\/v2\/users\/2"}],"replies":[{"embeddable":true,"href":"https:\/\/www.urbina.es\/fr\/wp-json\/wp\/v2\/comments?post=7281"}],"version-history":[{"count":4,"href":"https:\/\/www.urbina.es\/fr\/wp-json\/wp\/v2\/pages\/7281\/revisions"}],"predecessor-version":[{"id":7290,"href":"https:\/\/www.urbina.es\/fr\/wp-json\/wp\/v2\/pages\/7281\/revisions\/7290"}],"wp:attachment":[{"href":"https:\/\/www.urbina.es\/fr\/wp-json\/wp\/v2\/media?parent=7281"}],"curies":[{"name":"wp","href":"https:\/\/api.w.org\/{rel}","templated":true}]}}